{"id":2500,"date":"2022-03-02T08:06:42","date_gmt":"2022-03-02T08:06:42","guid":{"rendered":"https:\/\/heianofficial.click.si\/?page_id=2500"},"modified":"2023-04-17T10:41:16","modified_gmt":"2023-04-17T08:41:16","slug":"cookie-policy","status":"publish","type":"page","link":"https:\/\/heianofficial.com\/sl\/cookie-policy\/","title":{"rendered":"<span style=\"color: #fff\">Cookie Policy<\/span>"},"content":{"rendered":"<div data-elementor-type=\"wp-page\" data-elementor-id=\"2500\" class=\"elementor elementor-2500\" data-elementor-post-type=\"page\">\n\t\t\t\t\t\t<section class=\"elementor-section elementor-top-section elementor-element elementor-element-150c4b0c elementor-section-boxed elementor-section-height-default elementor-section-height-default\" data-id=\"150c4b0c\" data-element_type=\"section\" data-e-type=\"section\">\n\t\t\t\t\t\t<div class=\"elementor-container elementor-column-gap-default\">\n\t\t\t\t\t<div class=\"elementor-column elementor-col-100 elementor-top-column elementor-element elementor-element-7450ea83\" data-id=\"7450ea83\" data-element_type=\"column\" data-e-type=\"column\">\n\t\t\t<div class=\"elementor-widget-wrap elementor-element-populated\">\n\t\t\t\t\t\t<div class=\"elementor-element elementor-element-7010e33d elementor-widget elementor-widget-text-editor\" data-id=\"7010e33d\" data-element_type=\"widget\" data-e-type=\"widget\" data-widget_type=\"text-editor.default\">\n\t\t\t\t<div class=\"elementor-widget-container\">\n\t\t\t\t\t<style>.elementor-element-7010e33d{display:none !important}<\/style>\t\t\t\t<\/div>\n\t\t\t\t<\/div>\n\t\t\t\t<div class=\"elementor-element elementor-element-a2b0bce elementor-widget elementor-widget-text-editor\" data-id=\"a2b0bce\" data-element_type=\"widget\" data-e-type=\"widget\" data-widget_type=\"text-editor.default\">\n\t\t\t\t<div class=\"elementor-widget-container\">\n\t\t\t\t\t\t\t\t\t<p>Pi\u0161kotek (angl. cookie) je podatek o uporabniku, ki ga spletni brskalnik shrani na elektronski napravi za mo\u017enost nadaljnje uporabe. Gre za informacije, ki se ob obisku posamezne spletne strani shranijo na posameznikov ra\u010dunalnik in so ob ponovnem obisku iste strani uporabljene za prepoznavanje, sledenje in zbiranje specifi\u010dnih informacij o internetnih uporabnikih, kot so npr. preference do dolo\u010denih strani\/vsebin ali nakupovalne navade na spletu.<\/p><p>Pi\u0161kotki so torej zelo pomembni za zagotavljanje pozitivne izku\u0161nje obiskovalca spletne strani. Ve\u010d informacij o pi\u0161kotkih lahko najdete na <a href=\"https:\/\/www.allaboutcookies.org\/\">https:\/\/www.allaboutcookies.org\/<\/a>.<\/p><p>Na spletnih straneh obstajajo naslednje vrste pi\u0161kotkov:<\/p><ul><li>Za\u010dasni ali sejni pi\u0161kotki:<ul><li>so shranjeni za \u010das trajanja seje brskanja in se bri\u0161ejo s potekom seje<\/li><li>so obvezni za pravilno delovanje dolo\u010denih aplikacij oz. funkcionalnosti na spletnih straneh<\/li><\/ul><\/li><li>Trajni ali shranjeni pi\u0161kotki:<ul><li>se uporabljajo za izbolj\u0161anje uporabni\u0161kih izku\u0161enj<\/li><li>ostanejo v datoteki pi\u0161kotkov dalj\u0161e obdobje (odvisno od izbire, ki jo uporabnik izvede v nastavitvah svojega internetnega brskalnika)<\/li><\/ul><\/li><li>Lastni pi\u0161kotki:<ul><li>so lahko trajni ali za\u010dasni. Te pi\u0161kotki se uporabljajo za shranjevanje informacij, ki jih bo spletna stran znova uporabila, ko uporabnik naslednji\u010d obi\u0161\u010de to mesto;<\/li><\/ul><\/li><li>Drugi pi\u0161kotki:<ul><li>izvirajo od drugih, partnerskih spletnih mest (ki na primer merijo promet). Gre za zbiranje podatkov o uporabnikih iz razli\u010dnih spletnih mest in jih uporabljajo za razli\u010dne namene, od ogla\u0161evanja, analitike pa do izbolj\u0161ave svojih produktov.<\/li><\/ul><\/li><\/ul><p>Obstaja tudi slede\u010da delitev pi\u0161kotkov:<\/p><ul><li>nujno potrebni pi\u0161kotki:<ul><li>omogo\u010dajo osnovne funkcije (navigacija po strani, dostop do varnih obmo\u010dij, zapomnitev uporabnikovih vnosov v spletne obrazce, nakupovalno ko\u0161arico)<\/li><li>se uporabljajo za prilagoditev nastavitev uporabnikovim \u017eeljam (na\u010din razvr\u0161\u010danja rezultatov\/vsebine)<\/li><li>tehni\u010dno brezhibno in nemoteno delovanje spletne strani je brez teh pi\u0161kotkov onemogo\u010deno<\/li><\/ul><\/li><\/ul><p>\u00a0<\/p><ul><li>pi\u0161kotki za statistiko:<ul><li>zbirajo podatke o tem, kako se spletna mesta uporabljajo. Namen je izbolj\u0161anje njihove privla\u010dnosti, vsebin in funkcionalnosti. Uporaba teh pi\u0161kotkov poteka samo z va\u0161o privolitvijo.<\/li><li>gre za Google Analytics &#8211; orodje za analizo spletnih strani (tekstovne datoteke se shranjujejo na obiskoval\u010devem ra\u010dunalniku in omogo\u010dajo analizo njegove uporabe spletne strani. Uporablja se za vrednotenje obiskoval\u010deve uporabe spletnega mesta, za sestavljanje poro\u010dil o aktivnostih na spletnih straneh in za nadaljnjo izvedbo storitev, povezanih z uporabo spletnih strani in interneta.<\/li><li>shranjevanje pi\u0161kotkov in evidentiranje podatkov, proizvedenih s pi\u0161kotki, in vezanih na uporabo spletnega mesta lahko uporabnik onemogo\u010di z ustreznimi nastavitvami svoje programske opreme brskalnika. V primeru izklopa lahko pride do tega, da obiskovalec ne bo mogel koristiti vseh funkcij tega spletnega mesta, u\u010dinkovitost spletne strani je lahko slab\u0161a. Svoje nastavitve lahko spremeni v brskalniku: https:\/\/adssettings.google.com\/.<\/li><\/ul><\/li><\/ul><p>Za namestitev pi\u0161kotkov je potrebno uporabnikovo soglasje. Kadar ima spletna stran z uporabnikom bolj opredeljen odnos (uporabni\u0161ki ra\u010dun, registracija, profil), je pridobivanje privolitve \u017ee vklju\u010dena v proces registracije uporabnika.<\/p>\t\t\t\t\t\t\t\t<\/div>\n\t\t\t\t<\/div>\n\t\t\t\t\t<\/div>\n\t\t<\/div>\n\t\t\t\t\t<\/div>\n\t\t<\/section>\n\t\t\t\t<\/div>","protected":false},"excerpt":{"rendered":"<p>About this cookie policy This Cookie Policy explains what cookies are and how we use them, the types of cookies we use i.e, the information we collect using cookies and how that information is used, and how to control the cookie preferences. For further information on how we use, store, and keep your personal data &hellip;<\/p>\n<p class=\"read-more\"> <a class=\"\" href=\"https:\/\/heianofficial.com\/sl\/cookie-policy\/\"> <span class=\"screen-reader-text\"><span style=\"color: #fff\">Cookie Policy<\/span><\/span> Read More &raquo;<\/a><\/p>","protected":false},"author":3,"featured_media":0,"parent":0,"menu_order":0,"comment_status":"closed","ping_status":"closed","template":"","meta":{"inline_featured_image":false,"_monsterinsights_skip_tracking":false,"_monsterinsights_sitenote_active":false,"_monsterinsights_sitenote_note":"","_monsterinsights_sitenote_category":0,"site-sidebar-layout":"default","site-content-layout":"default","ast-main-header-display":"","ast-hfb-above-header-display":"","ast-hfb-below-header-display":"","ast-hfb-mobile-header-display":"","site-post-title":"","ast-breadcrumbs-content":"","ast-featured-img":"","footer-sml-layout":"","theme-transparent-header-meta":"","adv-header-id-meta":"","stick-header-meta":"","header-above-stick-meta":"","header-main-stick-meta":"","header-below-stick-meta":"","footnotes":""},"class_list":["post-2500","page","type-page","status-publish","hentry"],"aioseo_notices":[],"_links":{"self":[{"href":"https:\/\/heianofficial.com\/sl\/wp-json\/wp\/v2\/pages\/2500","targetHints":{"allow":["GET"]}}],"collection":[{"href":"https:\/\/heianofficial.com\/sl\/wp-json\/wp\/v2\/pages"}],"about":[{"href":"https:\/\/heianofficial.com\/sl\/wp-json\/wp\/v2\/types\/page"}],"author":[{"embeddable":true,"href":"https:\/\/heianofficial.com\/sl\/wp-json\/wp\/v2\/users\/3"}],"replies":[{"embeddable":true,"href":"https:\/\/heianofficial.com\/sl\/wp-json\/wp\/v2\/comments?post=2500"}],"version-history":[{"count":14,"href":"https:\/\/heianofficial.com\/sl\/wp-json\/wp\/v2\/pages\/2500\/revisions"}],"predecessor-version":[{"id":3931,"href":"https:\/\/heianofficial.com\/sl\/wp-json\/wp\/v2\/pages\/2500\/revisions\/3931"}],"wp:attachment":[{"href":"https:\/\/heianofficial.com\/sl\/wp-json\/wp\/v2\/media?parent=2500"}],"curies":[{"name":"wp","href":"https:\/\/api.w.org\/{rel}","templated":true}]}}