{"id":3,"date":"2022-01-07T15:02:39","date_gmt":"2022-01-07T15:02:39","guid":{"rendered":"https:\/\/heianofficial.click.si\/?page_id=3"},"modified":"2023-04-17T10:49:02","modified_gmt":"2023-04-17T08:49:02","slug":"privacy-policy","status":"publish","type":"page","link":"https:\/\/heianofficial.com\/sl\/privacy-policy\/","title":{"rendered":"Privacy Policy"},"content":{"rendered":"<div data-elementor-type=\"wp-page\" data-elementor-id=\"3\" class=\"elementor elementor-3\" data-elementor-post-type=\"page\">\n\t\t\t\t\t\t<section class=\"elementor-section elementor-top-section elementor-element elementor-element-f993a53 elementor-section-boxed elementor-section-height-default elementor-section-height-default\" data-id=\"f993a53\" data-element_type=\"section\" data-e-type=\"section\">\n\t\t\t\t\t\t<div class=\"elementor-container elementor-column-gap-default\">\n\t\t\t\t\t<div class=\"elementor-column elementor-col-100 elementor-top-column elementor-element elementor-element-090e382\" data-id=\"090e382\" data-element_type=\"column\" data-e-type=\"column\">\n\t\t\t<div class=\"elementor-widget-wrap elementor-element-populated\">\n\t\t\t\t\t\t<div class=\"elementor-element elementor-element-9a9aef2 elementor-widget elementor-widget-heading\" data-id=\"9a9aef2\" data-element_type=\"widget\" data-e-type=\"widget\" data-widget_type=\"heading.default\">\n\t\t\t\t<div class=\"elementor-widget-container\">\n\t\t\t\t\t<h1 class=\"elementor-heading-title elementor-size-default\">Politika zasebnosti<\/h1>\t\t\t\t<\/div>\n\t\t\t\t<\/div>\n\t\t\t\t<div class=\"elementor-element elementor-element-24a0016 elementor-widget elementor-widget-text-editor\" data-id=\"24a0016\" data-element_type=\"widget\" data-e-type=\"widget\" data-widget_type=\"text-editor.default\">\n\t\t\t\t<div class=\"elementor-widget-container\">\n\t\t\t\t\t<style>.elementor-element-24a0016{display:none !important}<\/style>\t\t\t\t<\/div>\n\t\t\t\t<\/div>\n\t\t\t\t<div class=\"elementor-element elementor-element-17b5b2c elementor-widget elementor-widget-text-editor\" data-id=\"17b5b2c\" data-element_type=\"widget\" data-e-type=\"widget\" data-widget_type=\"text-editor.default\">\n\t\t\t\t<div class=\"elementor-widget-container\">\n\t\t\t\t\t\t\t\t\t<p><strong>Izjava o obveznosti obve\u0161\u010danja<\/strong><br \/>Varstvo va\u0161ih osebnih podatkov je za nas zelo pomembno. Va\u0161e podatke obdelujemo izklju\u010dno na podlagi zakonskih dolo\u010db (Splo\u0161na uredba o varstvu podatkov \u2013 Uredba (EU) 2016\/679, Zakon o spremembi zakona o varstvu podatkov 2018, Zakon o telekomunikacijah 2003). V pri\u010dujo\u010dih informacijah o varstvu podatkov vas obve\u0161\u010damo o pomembnih vidikih obdelave podatkov v okviru na\u0161e spletne strani.<\/p><p><strong>Va\u0161i podatki<\/strong><br \/>Zajemanje in obdelava va\u0161ih podatkov<br \/>Obdelava osebnih podatkov, ki jih prostovoljno daste na razpolago na\u0161im slu\u017ebam in portalom, je potrebna, da lahko obdelujemo va\u0161a povpra\u0161evanja, naro\u010dila, pro\u0161nje itd., pripravljamo in sklepamo pogodbe ter vam po\u0161iljamo e-novice.<\/p><p><strong>Posredovanje podatkov<\/strong><br \/>Va\u0161e podatke znotraj Hei&#8217;An d.o.o. posredujemo le, \u010de to slu\u017ei izpolnitvi va\u0161e zahteve ali va\u0161emu interesu. Varujemo zaupnost va\u0161ih podatkov in le-teh ne bomo prodali, dali v najem ali na voljo tretjim osebam.<\/p><p>Posredovanje dr\u017eavnim ustanovam in organom se izvede le v okviru obvezne nacionalne zakonodaje.<\/p><p><strong>Va\u0161e pravice<\/strong><br \/>Na\u010deloma vam pripadajo pravice do informacije, popravka, izbrisa, omejitve, prenosa podatkov, preklica in ugovora. \u010ce menite, da je obdelava Va\u0161ih podatkov v nasprotju z zakonom o varstvu podatkov ali so bile sicer na kakr\u0161en koli na\u010din kr\u0161ene va\u0161e pravice s podro\u010dja varstva podatkov, se lahko prito\u017eite pri nadzornem organu.<\/p><p>Imate pravico, da od Hei&#8217;An d.o.o. zahtevate informacije o osebnih podatkih, ki smo jih shranili o vas. Poleg tega imate pravico zahtevati, da se podatki popravijo, izbri\u0161ejo, da se njihova obdelava omeji ali ustavi in da se shranjeni podatki v primerni obliki posredujejo vam ali z va\u0161e strani imenovani tretji osebi.<\/p><p>\u010ce va\u0161e zahteve ni mogo\u010de obdelati oz. ne bo obdelana v roku enega meseca po prejetju, imate pravico podati prito\u017ebo pri nadzornemu organu. Pristojni nadzorni organ je Informacijski poobla\u0161\u010denec Republike Slovenije.<\/p><p>Svoje zahteve lahko po po\u0161ti ali po e-po\u0161ti po\u0161ljete na naslednje naslove:<\/p><p>Hei&#8217;An d.o.o.<br \/>Marezige 19b<br \/>6273 Marezige<\/p><p>Prosimo, da navedete va\u0161e kontaktne podatke, ime spletne strani ali vsakokratne storitve ter podroben opis va\u0161e zahteve oz. \u017eelje glede varstva podatkov.<\/p><p>Prosimo za razumevanje, da zaradi va\u0161e varnosti pred poizvedovanjem ali zahtevki s strani nepoobla\u0161\u010denih tretjih oseb, podajamo informacije izklju\u010dno pisno na po\u0161tni naslov, ki je bil z va\u0161e strani naveden na zadevnih portalih.<\/p>\t\t\t\t\t\t\t\t<\/div>\n\t\t\t\t<\/div>\n\t\t\t\t\t<\/div>\n\t\t<\/div>\n\t\t\t\t\t<\/div>\n\t\t<\/section>\n\t\t\t\t<\/div>","protected":false},"excerpt":{"rendered":"<p>Privacy policy Declaration on the obligation to inform The protection of your personal data is very important to us. We process your data exclusively on the basis of legal provisions (General Data Protection Regulation &#8211; Regulation (EU) 2016\/679, Data Protection Amendment Act 2018, Telecommunications Act 2003). In this data protection information, we inform you about &hellip;<\/p>\n<p class=\"read-more\"> <a class=\"\" href=\"https:\/\/heianofficial.com\/sl\/privacy-policy\/\"> <span class=\"screen-reader-text\">Privacy Policy<\/span> Read More &raquo;<\/a><\/p>","protected":false},"author":3,"featured_media":0,"parent":0,"menu_order":0,"comment_status":"closed","ping_status":"open","template":"","meta":{"inline_featured_image":false,"_monsterinsights_skip_tracking":false,"_monsterinsights_sitenote_active":false,"_monsterinsights_sitenote_note":"","_monsterinsights_sitenote_category":0,"site-sidebar-layout":"no-sidebar","site-content-layout":"page-builder","ast-main-header-display":"","ast-hfb-above-header-display":"","ast-hfb-below-header-display":"","ast-hfb-mobile-header-display":"","site-post-title":"disabled","ast-breadcrumbs-content":"","ast-featured-img":"disabled","footer-sml-layout":"","theme-transparent-header-meta":"","adv-header-id-meta":"","stick-header-meta":"","header-above-stick-meta":"","header-main-stick-meta":"","header-below-stick-meta":"","footnotes":""},"class_list":["post-3","page","type-page","status-publish","hentry"],"aioseo_notices":[],"_links":{"self":[{"href":"https:\/\/heianofficial.com\/sl\/wp-json\/wp\/v2\/pages\/3","targetHints":{"allow":["GET"]}}],"collection":[{"href":"https:\/\/heianofficial.com\/sl\/wp-json\/wp\/v2\/pages"}],"about":[{"href":"https:\/\/heianofficial.com\/sl\/wp-json\/wp\/v2\/types\/page"}],"author":[{"embeddable":true,"href":"https:\/\/heianofficial.com\/sl\/wp-json\/wp\/v2\/users\/3"}],"replies":[{"embeddable":true,"href":"https:\/\/heianofficial.com\/sl\/wp-json\/wp\/v2\/comments?post=3"}],"version-history":[{"count":7,"href":"https:\/\/heianofficial.com\/sl\/wp-json\/wp\/v2\/pages\/3\/revisions"}],"predecessor-version":[{"id":3937,"href":"https:\/\/heianofficial.com\/sl\/wp-json\/wp\/v2\/pages\/3\/revisions\/3937"}],"wp:attachment":[{"href":"https:\/\/heianofficial.com\/sl\/wp-json\/wp\/v2\/media?parent=3"}],"curies":[{"name":"wp","href":"https:\/\/api.w.org\/{rel}","templated":true}]}}